{"id":29,"date":"2026-03-30T09:16:43","date_gmt":"2026-03-30T09:16:43","guid":{"rendered":"https:\/\/deplesman.com\/?page_id=29"},"modified":"2026-03-30T09:16:43","modified_gmt":"2026-03-30T09:16:43","slug":"evenements","status":"publish","type":"page","link":"https:\/\/deplesman.com\/fr\/events\/","title":{"rendered":"\u00c9v\u00e9nements"},"content":{"rendered":"<div  class=\"section section-pageheader detail\">\n                    <img decoding=\"async\" src=\"https:\/\/deplesman.com\/app\/uploads\/2026\/03\/Heropictureworkmatrix1_00fa08b67d045b67e175de.webp\" alt=\"Itin\u00e9raire Amsterdam &amp; La Haye | Voyage de deux villes aux Pays-Bas\">\n            <\/div>\n\n\n    \n    <div class=\"section section-event-grid\">\n        <div class=\"container\">\n                            <div class=\"title\">\n                    <h2>\u00c9v\u00e9nements \u00e0 venir<\/h2>\n                <\/div>\n                        <div class=\"event-holder\">\n                                    <a class=\"event show-date\" href=\"https:\/\/deplesman.com\/fr\/event\/jazzy-sunday-roast-at-suus\/\">\n                        <div class=\"date\">\n                            <div class=\"inner\">\n                                <span class=\"number\">10<\/span>\n                                <span class=\"month\">Mai<\/span>\n                            <\/div>\n                        <\/div>\n                        <div class=\"image\"\n                            style=\"background-image: url('https:\/\/deplesman.com\/app\/uploads\/2026\/04\/image-1.png');\"><\/div>\n                        <div class=\"content\">\n                            <div class=\"inner\">\n                                <div>\n                                    <span class=\"full-date\">10 mai<\/span>\n                                    <h3>Dimanche Roast Jazzy au Restaurant Suus<\/h3>\n                                    <p>Un duo de jazz live spectaculaire apporte un rythme suppl\u00e9mentaire au Sunday Roast au Restaurant Suus. Avec de la bonne nourriture et une ambiance chaleureuse et anim\u00e9e. Comme il tombe le jour de la F\u00eate des M\u00e8res, vous pourriez avoir la fa\u00e7on id\u00e9ale de la passer ensemble et de porter un toast \u00e0 toutes les mamans extraordinaires !<\/p>\n                                <\/div>\n                                <span class=\"button\">Lire la suite<\/span>\n                            <\/div>\n                        <\/div>\n                    <\/a>\n                                    <a class=\"event show-date\" href=\"https:\/\/deplesman.com\/fr\/event\/sunday-yoga-at-de-plesman\/\">\n                        <div class=\"date\">\n                            <div class=\"inner\">\n                                <span class=\"number\">10<\/span>\n                                <span class=\"month\">Mai<\/span>\n                            <\/div>\n                        <\/div>\n                        <div class=\"image\"\n                            style=\"background-image: url('https:\/\/deplesman.com\/app\/uploads\/2026\/04\/pexels-vlada-karpovich-4534638-1-e1776267099468.jpg');\"><\/div>\n                        <div class=\"content\">\n                            <div class=\"inner\">\n                                <div>\n                                    <span class=\"full-date\">10 mai<\/span>\n                                    <h3>S\u00e9ances de yoga \u00e0 De Plesman<\/h3>\n                                    <p>Ralentissez, \u00e9tirez-vous et reconnectez-vous. Nos s\u00e9ances de yoga hebdomadaires avec Yoga Stars Collective offrent un moment de calme pour tous les niveaux.<\/p>\n                                <\/div>\n                                <span class=\"button\">Lire la suite<\/span>\n                            <\/div>\n                        <\/div>\n                    <\/a>\n                                    <a class=\"event show-date\" href=\"https:\/\/deplesman.com\/fr\/event\/chefs-table-vol-3\/\">\n                        <div class=\"date\">\n                            <div class=\"inner\">\n                                <span class=\"number\">14<\/span>\n                                <span class=\"month\">Mai<\/span>\n                            <\/div>\n                        <\/div>\n                        <div class=\"image\"\n                            style=\"background-image: url('https:\/\/deplesman.com\/app\/uploads\/2026\/04\/Newsletter-picture-sizing-10.png');\"><\/div>\n                        <div class=\"content\">\n                            <div class=\"inner\">\n                                <div>\n                                    <span class=\"full-date\">14 mai<\/span>\n                                    <h3>Table du Chef Vol. 3<\/h3>\n                                    <p>Rejoignez-nous pour la troisi\u00e8me \u00e9dition du Chef\u2019s Table ! Notre chef, Kyan van Bommel, concoctera un menu avec les ingr\u00e9dients de saison les plus frais, donnant vie \u00e0 chaque plat avec des histoires, des techniques et des saveurs que vous savourerez du d\u00e9but \u00e0 la fin. Chaque plat est une exp\u00e9rience, un voyage cr\u00e9atif, gustatif et de d\u00e9couverte que vous n'oublierez pas.\n\n85 \u20ac par personne | + Accords mets et vins 55 \u20ac | 19h00<\/p>\n                                <\/div>\n                                <span class=\"button\">Lire la suite<\/span>\n                            <\/div>\n                        <\/div>\n                    <\/a>\n                                    <a class=\"event show-date\" href=\"https:\/\/deplesman.com\/fr\/event\/sunday-roast-the-hague\/\">\n                        <div class=\"date\">\n                            <div class=\"inner\">\n                                <span class=\"number\">17<\/span>\n                                <span class=\"month\">Mai<\/span>\n                            <\/div>\n                        <\/div>\n                        <div class=\"image\"\n                            style=\"background-image: url('https:\/\/deplesman.com\/app\/uploads\/2026\/03\/Website-Whats-On-visuals-1-1-e1777038848552.png');\"><\/div>\n                        <div class=\"content\">\n                            <div class=\"inner\">\n                                <div>\n                                    <span class=\"full-date\">17 mai<\/span>\n                                    <h3>R\u00f4ti du dimanche hebdomadaire<\/h3>\n                                    <p>Chaque dimanche, le Restaurant Suus propose un Sunday Roast \u00e0 partager. Un \u00e9v\u00e9nement familial avec une aire de jeux surveill\u00e9e.\n\n32 \u20ac par personne | Les enfants jusqu\u2019\u00e0 10 ans b\u00e9n\u00e9ficient de notre menu enfant offert*\r\n<\/p>\n                                <\/div>\n                                <span class=\"button\">Lire la suite<\/span>\n                            <\/div>\n                        <\/div>\n                    <\/a>\n                            <\/div>\n        <\/div>\n    <\/div>","protected":false},"excerpt":{"rendered":"","protected":false},"author":1,"featured_media":0,"parent":0,"menu_order":0,"comment_status":"closed","ping_status":"closed","template":"","meta":{"_acf_changed":false,"footnotes":""},"class_list":["post-29","page","type-page","status-publish","hentry"],"acf":[],"_links":{"self":[{"href":"https:\/\/deplesman.com\/fr\/wp-json\/wp\/v2\/pages\/29","targetHints":{"allow":["GET"]}}],"collection":[{"href":"https:\/\/deplesman.com\/fr\/wp-json\/wp\/v2\/pages"}],"about":[{"href":"https:\/\/deplesman.com\/fr\/wp-json\/wp\/v2\/types\/page"}],"author":[{"embeddable":true,"href":"https:\/\/deplesman.com\/fr\/wp-json\/wp\/v2\/users\/1"}],"replies":[{"embeddable":true,"href":"https:\/\/deplesman.com\/fr\/wp-json\/wp\/v2\/comments?post=29"}],"version-history":[{"count":1,"href":"https:\/\/deplesman.com\/fr\/wp-json\/wp\/v2\/pages\/29\/revisions"}],"predecessor-version":[{"id":31,"href":"https:\/\/deplesman.com\/fr\/wp-json\/wp\/v2\/pages\/29\/revisions\/31"}],"wp:attachment":[{"href":"https:\/\/deplesman.com\/fr\/wp-json\/wp\/v2\/media?parent=29"}],"curies":[{"name":"wp","href":"https:\/\/api.w.org\/{rel}","templated":true}]}}