{"id":29,"date":"2026-03-30T09:16:43","date_gmt":"2026-03-30T09:16:43","guid":{"rendered":"https:\/\/deplesman.com\/?page_id=29"},"modified":"2026-03-30T09:16:43","modified_gmt":"2026-03-30T09:16:43","slug":"veranstaltungen","status":"publish","type":"page","link":"https:\/\/deplesman.com\/de\/events\/","title":{"rendered":"Veranstaltungen"},"content":{"rendered":"<div  class=\"section section-pageheader detail\">\n                    <img decoding=\"async\" src=\"https:\/\/deplesman.com\/app\/uploads\/2026\/03\/Heropictureworkmatrix1_00fa08b67d045b67e175de.webp\" alt=\"Amsterdam &amp; Den Haag Reiseroute | Zwei-St\u00e4dte-Niederlande-Reise\">\n            <\/div>\n\n\n    \n    <div class=\"section section-event-grid\">\n        <div class=\"container\">\n                            <div class=\"title\">\n                    <h2>Anstehende Veranstaltungen<\/h2>\n                <\/div>\n                        <div class=\"event-holder\">\n                                    <a class=\"event show-date\" href=\"https:\/\/deplesman.com\/de\/event\/jazzy-sunday-roast-at-suus\/\">\n                        <div class=\"date\">\n                            <div class=\"inner\">\n                                <span class=\"number\">10<\/span>\n                                <span class=\"month\">Mai<\/span>\n                            <\/div>\n                        <\/div>\n                        <div class=\"image\"\n                            style=\"background-image: url('https:\/\/deplesman.com\/app\/uploads\/2026\/04\/image-1.png');\"><\/div>\n                        <div class=\"content\">\n                            <div class=\"inner\">\n                                <div>\n                                    <span class=\"full-date\">10. Mai<\/span>\n                                    <h3>Jazzy Sonntagsbraten im Restaurant Suus<\/h3>\n                                    <p>Ein spektakul\u00e4res Live-Jazz-Duo sorgt f\u00fcr zus\u00e4tzlichen Rhythmus beim Sonntagsbraten im Restaurant Suus. Mit gutem Essen und einer herzlichen, lebendigen Atmosph\u00e4re. Da es auf den Muttertag f\u00e4llt, hast du vielleicht die perfekte Gelegenheit, den Tag gemeinsam zu verbringen und auf all die wundervollen M\u00fctter anzusto\u00dfen!<\/p>\n                                <\/div>\n                                <span class=\"button\">Mehr lesen<\/span>\n                            <\/div>\n                        <\/div>\n                    <\/a>\n                                    <a class=\"event show-date\" href=\"https:\/\/deplesman.com\/de\/event\/sunday-yoga-at-de-plesman\/\">\n                        <div class=\"date\">\n                            <div class=\"inner\">\n                                <span class=\"number\">10<\/span>\n                                <span class=\"month\">Mai<\/span>\n                            <\/div>\n                        <\/div>\n                        <div class=\"image\"\n                            style=\"background-image: url('https:\/\/deplesman.com\/app\/uploads\/2026\/04\/pexels-vlada-karpovich-4534638-1-e1776267099468.jpg');\"><\/div>\n                        <div class=\"content\">\n                            <div class=\"inner\">\n                                <div>\n                                    <span class=\"full-date\">10. Mai<\/span>\n                                    <h3>Yoga-Sitzungen im De Plesman<\/h3>\n                                    <p>Langsam, dehnen und wieder verbinden. Unsere w\u00f6chentlichen Yoga-Einheiten mit dem Yoga Stars Collective bieten einen Moment der Ruhe f\u00fcr alle Niveaus.<\/p>\n                                <\/div>\n                                <span class=\"button\">Mehr lesen<\/span>\n                            <\/div>\n                        <\/div>\n                    <\/a>\n                                    <a class=\"event show-date\" href=\"https:\/\/deplesman.com\/de\/event\/chefs-table-vol-3\/\">\n                        <div class=\"date\">\n                            <div class=\"inner\">\n                                <span class=\"number\">14<\/span>\n                                <span class=\"month\">Mai<\/span>\n                            <\/div>\n                        <\/div>\n                        <div class=\"image\"\n                            style=\"background-image: url('https:\/\/deplesman.com\/app\/uploads\/2026\/04\/Newsletter-picture-sizing-10.png');\"><\/div>\n                        <div class=\"content\">\n                            <div class=\"inner\">\n                                <div>\n                                    <span class=\"full-date\">14. Mai<\/span>\n                                    <h3>Chef\u2019s Table Vol. 3<\/h3>\n                                    <p>Begleiten Sie uns zur dritten Ausgabe des Chef's Table! Unser K\u00fcchenchef Kyan van Bommel kreiert ein Men\u00fc mit den frischesten saisonalen Zutaten und erweckt jedes Gericht mit Geschichten, Techniken und Aromen zum Leben, die Sie von Anfang bis Ende genie\u00dfen werden. Jeder Gang ist ein Erlebnis, eine Reise voller Kreativit\u00e4t, Geschmack und Entdeckungen, die Sie nicht vergessen werden.\n\n85 \u20ac p.P. | + Weinbegleitung 55 \u20ac | 19:00 Uhr<\/p>\n                                <\/div>\n                                <span class=\"button\">Mehr lesen<\/span>\n                            <\/div>\n                        <\/div>\n                    <\/a>\n                                    <a class=\"event show-date\" href=\"https:\/\/deplesman.com\/de\/event\/sunday-roast-the-hague\/\">\n                        <div class=\"date\">\n                            <div class=\"inner\">\n                                <span class=\"number\">17<\/span>\n                                <span class=\"month\">Mai<\/span>\n                            <\/div>\n                        <\/div>\n                        <div class=\"image\"\n                            style=\"background-image: url('https:\/\/deplesman.com\/app\/uploads\/2026\/03\/Website-Whats-On-visuals-1-1-e1777038848552.png');\"><\/div>\n                        <div class=\"content\">\n                            <div class=\"inner\">\n                                <div>\n                                    <span class=\"full-date\">17. Mai<\/span>\n                                    <h3>Sonntagsbraten<\/h3>\n                                    <p>Jeden Sonntag serviert das Restaurant Suus einen gemeinsamen Sonntagsbraten. Ein familienfreundliches Event mit betreutem Spielbereich.\n\n32 \u20ac p.P. | Kinder bis 10 Jahre erhalten unser Kindermen\u00fc aufs Haus*\r\n<\/p>\n                                <\/div>\n                                <span class=\"button\">Mehr lesen<\/span>\n                            <\/div>\n                        <\/div>\n                    <\/a>\n                            <\/div>\n        <\/div>\n    <\/div>","protected":false},"excerpt":{"rendered":"","protected":false},"author":1,"featured_media":0,"parent":0,"menu_order":0,"comment_status":"closed","ping_status":"closed","template":"","meta":{"_acf_changed":false,"footnotes":""},"class_list":["post-29","page","type-page","status-publish","hentry"],"acf":[],"_links":{"self":[{"href":"https:\/\/deplesman.com\/de\/wp-json\/wp\/v2\/pages\/29","targetHints":{"allow":["GET"]}}],"collection":[{"href":"https:\/\/deplesman.com\/de\/wp-json\/wp\/v2\/pages"}],"about":[{"href":"https:\/\/deplesman.com\/de\/wp-json\/wp\/v2\/types\/page"}],"author":[{"embeddable":true,"href":"https:\/\/deplesman.com\/de\/wp-json\/wp\/v2\/users\/1"}],"replies":[{"embeddable":true,"href":"https:\/\/deplesman.com\/de\/wp-json\/wp\/v2\/comments?post=29"}],"version-history":[{"count":1,"href":"https:\/\/deplesman.com\/de\/wp-json\/wp\/v2\/pages\/29\/revisions"}],"predecessor-version":[{"id":31,"href":"https:\/\/deplesman.com\/de\/wp-json\/wp\/v2\/pages\/29\/revisions\/31"}],"wp:attachment":[{"href":"https:\/\/deplesman.com\/de\/wp-json\/wp\/v2\/media?parent=29"}],"curies":[{"name":"wp","href":"https:\/\/api.w.org\/{rel}","templated":true}]}}